{"id":279,"date":"2023-12-18T00:08:24","date_gmt":"2023-12-17T23:08:24","guid":{"rendered":"https:\/\/benjaminfrachon.com\/?page_id=279"},"modified":"2023-12-20T20:46:20","modified_gmt":"2023-12-20T19:46:20","slug":"dans-le-sport","status":"publish","type":"page","link":"https:\/\/benjaminfrachon.com\/index.php\/dans-le-sport\/","title":{"rendered":"Dans le sport"},"content":{"rendered":"<style>.kb-row-layout-wrap.wp-block-kadence-rowlayout.kb-row-layout-id279_e43d8e-ea{margin-top:0px;margin-bottom:0px;}.kb-row-layout-id279_e43d8e-ea > .kt-row-column-wrap{align-content:start;}:where(.kb-row-layout-id279_e43d8e-ea > .kt-row-column-wrap) > .wp-block-kadence-column{justify-content:start;}.kb-row-layout-id279_e43d8e-ea > .kt-row-column-wrap{column-gap:var(--global-kb-gap-none, 0rem );row-gap:var(--global-kb-gap-md, 2rem);max-width:var( --global-content-width, 1290px );padding-left:var(--global-content-edge-padding);padding-right:var(--global-content-edge-padding);padding-top:var(--global-kb-spacing-5xl, 10rem);padding-bottom:var(--global-kb-spacing-xl, 4rem);grid-template-columns:minmax(0, 2fr) minmax(0, 1fr);}.kb-row-layout-id279_e43d8e-ea{background-image:url('https:\/\/benjaminfrachon.com\/wp-content\/uploads\/2023\/12\/sport-1.png');background-size:cover;background-position:55.00000000000001% 69%;background-attachment:scroll;background-repeat:no-repeat;}.kb-row-layout-id279_e43d8e-ea > .kt-row-layout-overlay{opacity:0.65;background-color:rgba(159, 0, 0, 0.68);}@media all and (max-width: 1024px){.kb-row-layout-id279_e43d8e-ea > .kt-row-column-wrap{padding-top:var(--global-kb-spacing-4xl, 8rem);padding-bottom:var(--global-kb-spacing-md, 2rem);grid-template-columns:minmax(0, 2fr) minmax(0, 1fr);}}@media all and (max-width: 767px){.kb-row-layout-id279_e43d8e-ea > .kt-row-column-wrap{grid-template-columns:minmax(0, 1fr);}}<\/style><div class=\"kb-row-layout-wrap kb-row-layout-id279_e43d8e-ea alignfull has-theme-palette9-background-color kt-row-has-bg wp-block-kadence-rowlayout\"><div class=\"kt-row-layout-overlay kt-row-overlay-normal\"><\/div><div class=\"kt-row-column-wrap kt-has-2-columns kt-row-layout-left-golden kt-tab-layout-inherit kt-mobile-layout-row kt-row-valign-top kb-theme-content-width\">\n<style>.kadence-column279_b174c2-3b > .kt-inside-inner-col,.kadence-column279_b174c2-3b > .kt-inside-inner-col:before{border-top-left-radius:0px;border-top-right-radius:0px;border-bottom-right-radius:0px;border-bottom-left-radius:0px;}.kadence-column279_b174c2-3b > .kt-inside-inner-col{column-gap:var(--global-kb-gap-sm, 1rem);}.kadence-column279_b174c2-3b > .kt-inside-inner-col{flex-direction:column;}.kadence-column279_b174c2-3b > .kt-inside-inner-col > .aligncenter{width:100%;}.kadence-column279_b174c2-3b > .kt-inside-inner-col:before{opacity:0.3;}.kadence-column279_b174c2-3b{position:relative;}@media all and (max-width: 1024px){.kadence-column279_b174c2-3b > .kt-inside-inner-col{flex-direction:column;justify-content:center;}}@media all and (max-width: 767px){.kadence-column279_b174c2-3b > .kt-inside-inner-col{flex-direction:column;justify-content:center;}}<\/style>\n<div class=\"wp-block-kadence-column kadence-column279_b174c2-3b inner-column-1\"><div class=\"kt-inside-inner-col\"><style>.wp-block-kadence-advancedheading.kt-adv-heading279_2ac972-fc, .wp-block-kadence-advancedheading.kt-adv-heading279_2ac972-fc[data-kb-block=\"kb-adv-heading279_2ac972-fc\"]{font-size:var(--global-kb-font-size-xxxl, 5rem);line-height:1.1;font-style:normal;letter-spacing:-2px;color:#eeeee6;text-shadow:4px 4px 3px rgba(0, 0, 0, 0.2);}.wp-block-kadence-advancedheading.kt-adv-heading279_2ac972-fc mark.kt-highlight, .wp-block-kadence-advancedheading.kt-adv-heading279_2ac972-fc[data-kb-block=\"kb-adv-heading279_2ac972-fc\"] mark.kt-highlight{font-style:normal;color:#f76a0c;-webkit-box-decoration-break:clone;box-decoration-break:clone;padding-top:0px;padding-right:0px;padding-bottom:0px;padding-left:0px;}.wp-block-kadence-advancedheading.kt-adv-heading279_2ac972-fc img.kb-inline-image, .wp-block-kadence-advancedheading.kt-adv-heading279_2ac972-fc[data-kb-block=\"kb-adv-heading279_2ac972-fc\"] img.kb-inline-image{width:150px;vertical-align:baseline;}@media all and (max-width: 1024px){.wp-block-kadence-advancedheading.kt-adv-heading279_2ac972-fc, .wp-block-kadence-advancedheading.kt-adv-heading279_2ac972-fc[data-kb-block=\"kb-adv-heading279_2ac972-fc\"]{letter-spacing:-1px;text-shadow:4px 4px 3px rgba(0, 0, 0, 0.2);font-size:var(--global-kb-font-size-xxl, 4rem);line-height:1.3;}}@media all and (max-width: 767px){.wp-block-kadence-advancedheading.kt-adv-heading279_2ac972-fc, .wp-block-kadence-advancedheading.kt-adv-heading279_2ac972-fc[data-kb-block=\"kb-adv-heading279_2ac972-fc\"]{text-shadow:4px 4px 3px rgba(0, 0, 0, 0.2);font-size:45px;}}<\/style>\n<h1 class=\"kt-adv-heading279_2ac972-fc wp-block-kadence-advancedheading\" data-kb-block=\"kb-adv-heading279_2ac972-fc\">DANS LE SPORT<\/h1>\n<\/div><\/div>\n\n\n<style>.kadence-column279_49c037-c8 > .kt-inside-inner-col,.kadence-column279_49c037-c8 > .kt-inside-inner-col:before{border-top-left-radius:0px;border-top-right-radius:0px;border-bottom-right-radius:0px;border-bottom-left-radius:0px;}.kadence-column279_49c037-c8 > .kt-inside-inner-col{column-gap:var(--global-kb-gap-sm, 1rem);}.kadence-column279_49c037-c8 > .kt-inside-inner-col{flex-direction:column;}.kadence-column279_49c037-c8 > .kt-inside-inner-col > .aligncenter{width:100%;}.kadence-column279_49c037-c8 > .kt-inside-inner-col:before{opacity:0.3;}.kadence-column279_49c037-c8{position:relative;}@media all and (max-width: 1024px){.kadence-column279_49c037-c8 > .kt-inside-inner-col{flex-direction:column;justify-content:center;}}@media all and (max-width: 767px){.kadence-column279_49c037-c8 > .kt-inside-inner-col{flex-direction:column;justify-content:center;}}<\/style>\n<div class=\"wp-block-kadence-column kadence-column279_49c037-c8 inner-column-2\"><div class=\"kt-inside-inner-col\"><\/div><\/div>\n\n<\/div><\/div>\n\n<style>.kadence-column279_e9d67d-94 > .kt-inside-inner-col,.kadence-column279_e9d67d-94 > .kt-inside-inner-col:before{border-top-left-radius:0px;border-top-right-radius:0px;border-bottom-right-radius:0px;border-bottom-left-radius:0px;}.kadence-column279_e9d67d-94 > .kt-inside-inner-col{column-gap:var(--global-kb-gap-sm, 1rem);}.kadence-column279_e9d67d-94 > .kt-inside-inner-col{flex-direction:column;}.kadence-column279_e9d67d-94 > .kt-inside-inner-col > .aligncenter{width:100%;}.kadence-column279_e9d67d-94 > .kt-inside-inner-col:before{opacity:0.3;}.kadence-column279_e9d67d-94{position:relative;}@media all and (max-width: 1024px){.kadence-column279_e9d67d-94 > .kt-inside-inner-col{flex-direction:column;justify-content:center;}}@media all and (max-width: 767px){.kadence-column279_e9d67d-94 > .kt-inside-inner-col{flex-direction:column;justify-content:center;}}<\/style>\n<div class=\"wp-block-kadence-column kadence-column279_e9d67d-94\"><div class=\"kt-inside-inner-col\"><style>.wp-block-kadence-advancedheading.kt-adv-heading279_874052-49, .wp-block-kadence-advancedheading.kt-adv-heading279_874052-49[data-kb-block=\"kb-adv-heading279_874052-49\"]{padding-top:var(--global-kb-spacing-xxs, 0.5rem);padding-right:var(--global-kb-spacing-xxs, 0.5rem);padding-bottom:var(--global-kb-spacing-xxs, 0.5rem);padding-left:var(--global-kb-spacing-xxs, 0.5rem);margin-top:var(--global-kb-spacing-md, 2rem);text-align:center;font-style:normal;background-color:#eeeee6;}.wp-block-kadence-advancedheading.kt-adv-heading279_874052-49 mark.kt-highlight, .wp-block-kadence-advancedheading.kt-adv-heading279_874052-49[data-kb-block=\"kb-adv-heading279_874052-49\"] mark.kt-highlight{font-style:normal;color:#f76a0c;-webkit-box-decoration-break:clone;box-decoration-break:clone;padding-top:0px;padding-right:0px;padding-bottom:0px;padding-left:0px;}.wp-block-kadence-advancedheading.kt-adv-heading279_874052-49 img.kb-inline-image, .wp-block-kadence-advancedheading.kt-adv-heading279_874052-49[data-kb-block=\"kb-adv-heading279_874052-49\"] img.kb-inline-image{width:150px;vertical-align:baseline;}<\/style>\n<h4 class=\"kt-adv-heading279_874052-49 wp-block-kadence-advancedheading\" data-kb-block=\"kb-adv-heading279_874052-49\">La t\u00e9nacit\u00e9, le d\u00e9passement de soi, la pers\u00e9v\u00e9rance, l&rsquo;esprit d&rsquo;\u00e9quipe. Autant de qualificatifs utilis\u00e9s lorsqu&rsquo;on parle du sport. Cependant, vous pourriez vouloir \u00e9voluer&nbsp; :<\/h4>\n<\/div><\/div>\n\n\n<style>.kb-row-layout-wrap.wp-block-kadence-rowlayout.kb-row-layout-id279_eda71a-e4{margin-top:var(--global-kb-spacing-xl, 4rem);margin-bottom:var(--global-kb-spacing-xxl, 5rem);}.kb-row-layout-id279_eda71a-e4 > .kt-row-column-wrap{align-content:start;}:where(.kb-row-layout-id279_eda71a-e4 > .kt-row-column-wrap) > .wp-block-kadence-column{justify-content:start;}.kb-row-layout-id279_eda71a-e4 > .kt-row-column-wrap{column-gap:var(--global-kb-gap-lg, 4rem);row-gap:var(--global-kb-gap-md, 2rem);max-width:var( --global-content-width, 1290px );padding-left:var(--global-content-edge-padding);padding-right:var(--global-content-edge-padding);grid-template-columns:repeat(2, minmax(0, 1fr));}.kb-row-layout-id279_eda71a-e4 > .kt-row-layout-overlay{opacity:0.30;}@media all and (max-width: 1024px){.kb-row-layout-id279_eda71a-e4 > .kt-row-column-wrap{grid-template-columns:repeat(2, minmax(0, 1fr));}}@media all and (max-width: 767px){.kb-row-layout-id279_eda71a-e4 > .kt-row-column-wrap{grid-template-columns:minmax(0, 1fr);}}<\/style><div class=\"kb-row-layout-wrap kb-row-layout-id279_eda71a-e4 alignnone has-theme-palette9-background-color kt-row-has-bg wp-block-kadence-rowlayout\"><div class=\"kt-row-column-wrap kt-has-2-columns kt-row-layout-equal kt-tab-layout-inherit kt-mobile-layout-row kt-row-valign-top kb-theme-content-width\">\n<style>.kadence-column279_fbbcfa-64 > .kt-inside-inner-col,.kadence-column279_fbbcfa-64 > .kt-inside-inner-col:before{border-top-left-radius:0px;border-top-right-radius:0px;border-bottom-right-radius:0px;border-bottom-left-radius:0px;}.kadence-column279_fbbcfa-64 > .kt-inside-inner-col{column-gap:var(--global-kb-gap-sm, 1rem);}.kadence-column279_fbbcfa-64 > .kt-inside-inner-col{flex-direction:column;}.kadence-column279_fbbcfa-64 > .kt-inside-inner-col > .aligncenter{width:100%;}.kadence-column279_fbbcfa-64 > .kt-inside-inner-col:before{opacity:0.3;}.kadence-column279_fbbcfa-64{position:relative;}@media all and (max-width: 1024px){.kadence-column279_fbbcfa-64 > .kt-inside-inner-col{flex-direction:column;justify-content:center;}}@media all and (max-width: 767px){.kadence-column279_fbbcfa-64 > .kt-inside-inner-col{flex-direction:column;justify-content:center;}}<\/style>\n<div class=\"wp-block-kadence-column kadence-column279_fbbcfa-64 inner-column-1\"><div class=\"kt-inside-inner-col\"><style>.wp-block-kadence-advancedheading.kt-adv-heading279_34791b-e5, .wp-block-kadence-advancedheading.kt-adv-heading279_34791b-e5[data-kb-block=\"kb-adv-heading279_34791b-e5\"]{font-size:var(--global-kb-font-size-md, 1.25rem);line-height:1.6;font-style:normal;}.wp-block-kadence-advancedheading.kt-adv-heading279_34791b-e5 mark.kt-highlight, .wp-block-kadence-advancedheading.kt-adv-heading279_34791b-e5[data-kb-block=\"kb-adv-heading279_34791b-e5\"] mark.kt-highlight{font-style:normal;color:#f76a0c;-webkit-box-decoration-break:clone;box-decoration-break:clone;padding-top:0px;padding-right:0px;padding-bottom:0px;padding-left:0px;}.wp-block-kadence-advancedheading.kt-adv-heading279_34791b-e5 img.kb-inline-image, .wp-block-kadence-advancedheading.kt-adv-heading279_34791b-e5[data-kb-block=\"kb-adv-heading279_34791b-e5\"] img.kb-inline-image{width:150px;vertical-align:baseline;}<\/style>\n<p class=\"kt-adv-heading279_34791b-e5 wp-block-kadence-advancedheading has-theme-palette-4-color has-text-color\" data-kb-block=\"kb-adv-heading279_34791b-e5\">Parfois des difficult\u00e9s se manifestent dans certaines situations, le plaisir n&rsquo;est plus au rendez-vous.<\/p>\n<\/div><\/div>\n\n\n<style>.kadence-column279_eb983f-fe > .kt-inside-inner-col,.kadence-column279_eb983f-fe > .kt-inside-inner-col:before{border-top-left-radius:0px;border-top-right-radius:0px;border-bottom-right-radius:0px;border-bottom-left-radius:0px;}.kadence-column279_eb983f-fe > .kt-inside-inner-col{column-gap:var(--global-kb-gap-sm, 1rem);}.kadence-column279_eb983f-fe > .kt-inside-inner-col{flex-direction:column;}.kadence-column279_eb983f-fe > .kt-inside-inner-col > .aligncenter{width:100%;}.kadence-column279_eb983f-fe > .kt-inside-inner-col:before{opacity:0.3;}.kadence-column279_eb983f-fe{position:relative;}@media all and (max-width: 1024px){.kadence-column279_eb983f-fe > .kt-inside-inner-col{flex-direction:column;justify-content:center;}}@media all and (max-width: 767px){.kadence-column279_eb983f-fe > .kt-inside-inner-col{flex-direction:column;justify-content:center;}}<\/style>\n<div class=\"wp-block-kadence-column kadence-column279_eb983f-fe inner-column-1\"><div class=\"kt-inside-inner-col\"><style>.wp-block-kadence-advancedheading.kt-adv-heading279_d98555-1d, .wp-block-kadence-advancedheading.kt-adv-heading279_d98555-1d[data-kb-block=\"kb-adv-heading279_d98555-1d\"]{font-size:var(--global-kb-font-size-md, 1.25rem);line-height:1.6;font-style:normal;}.wp-block-kadence-advancedheading.kt-adv-heading279_d98555-1d mark.kt-highlight, .wp-block-kadence-advancedheading.kt-adv-heading279_d98555-1d[data-kb-block=\"kb-adv-heading279_d98555-1d\"] mark.kt-highlight{font-style:normal;color:#f76a0c;-webkit-box-decoration-break:clone;box-decoration-break:clone;padding-top:0px;padding-right:0px;padding-bottom:0px;padding-left:0px;}.wp-block-kadence-advancedheading.kt-adv-heading279_d98555-1d img.kb-inline-image, .wp-block-kadence-advancedheading.kt-adv-heading279_d98555-1d[data-kb-block=\"kb-adv-heading279_d98555-1d\"] img.kb-inline-image{width:150px;vertical-align:baseline;}<\/style>\n<p class=\"kt-adv-heading279_d98555-1d wp-block-kadence-advancedheading has-theme-palette-4-color has-text-color\" data-kb-block=\"kb-adv-heading279_d98555-1d\">Vous ressentez le besoins de d\u00e9velopper la maitrise de vos habilet\u00e9s mentales pour franchir un cap.<\/p>\n<\/div><\/div>\n\n<\/div><\/div>\n\n<style>.kb-row-layout-id279_eeaa57-f4 > .kt-row-column-wrap{align-content:start;}:where(.kb-row-layout-id279_eeaa57-f4 > .kt-row-column-wrap) > .wp-block-kadence-column{justify-content:start;}.kb-row-layout-id279_eeaa57-f4 > .kt-row-column-wrap{column-gap:var(--global-kb-gap-md, 2rem);row-gap:var(--global-kb-gap-md, 2rem);padding-top:var(--global-kb-spacing-sm, 1.5rem);padding-bottom:var(--global-kb-spacing-sm, 1.5rem);grid-template-columns:minmax(0, 1fr);}.kb-row-layout-id279_eeaa57-f4{background-color:#eeeee6;}.kb-row-layout-id279_eeaa57-f4 > .kt-row-layout-overlay{opacity:0.30;}@media all and (max-width: 1024px){.kb-row-layout-id279_eeaa57-f4 > .kt-row-column-wrap{grid-template-columns:minmax(0, 1fr);}}@media all and (max-width: 767px){.kb-row-layout-id279_eeaa57-f4 > .kt-row-column-wrap{grid-template-columns:minmax(0, 1fr);}}<\/style><div class=\"kb-row-layout-wrap kb-row-layout-id279_eeaa57-f4 alignfull kt-row-has-bg wp-block-kadence-rowlayout\"><div class=\"kt-row-column-wrap kt-has-1-columns kt-row-layout-equal kt-tab-layout-inherit kt-mobile-layout-row kt-row-valign-top\">\n<style>.kadence-column279_72e4b0-29 > .kt-inside-inner-col,.kadence-column279_72e4b0-29 > .kt-inside-inner-col:before{border-top-left-radius:0px;border-top-right-radius:0px;border-bottom-right-radius:0px;border-bottom-left-radius:0px;}.kadence-column279_72e4b0-29 > .kt-inside-inner-col{column-gap:var(--global-kb-gap-sm, 1rem);}.kadence-column279_72e4b0-29 > .kt-inside-inner-col{flex-direction:column;}.kadence-column279_72e4b0-29 > .kt-inside-inner-col > .aligncenter{width:100%;}.kadence-column279_72e4b0-29 > .kt-inside-inner-col:before{opacity:0.3;}.kadence-column279_72e4b0-29{position:relative;}@media all and (max-width: 1024px){.kadence-column279_72e4b0-29 > .kt-inside-inner-col{flex-direction:column;justify-content:center;}}@media all and (max-width: 767px){.kadence-column279_72e4b0-29 > .kt-inside-inner-col{flex-direction:column;justify-content:center;}}<\/style>\n<div class=\"wp-block-kadence-column kadence-column279_72e4b0-29\"><div class=\"kt-inside-inner-col\"><style>.wp-block-kadence-advancedheading.kt-adv-heading279_35baf7-94, .wp-block-kadence-advancedheading.kt-adv-heading279_35baf7-94[data-kb-block=\"kb-adv-heading279_35baf7-94\"]{text-align:center;font-style:normal;}.wp-block-kadence-advancedheading.kt-adv-heading279_35baf7-94 mark.kt-highlight, .wp-block-kadence-advancedheading.kt-adv-heading279_35baf7-94[data-kb-block=\"kb-adv-heading279_35baf7-94\"] mark.kt-highlight{font-style:normal;color:#f76a0c;-webkit-box-decoration-break:clone;box-decoration-break:clone;padding-top:0px;padding-right:0px;padding-bottom:0px;padding-left:0px;}.wp-block-kadence-advancedheading.kt-adv-heading279_35baf7-94 img.kb-inline-image, .wp-block-kadence-advancedheading.kt-adv-heading279_35baf7-94[data-kb-block=\"kb-adv-heading279_35baf7-94\"] img.kb-inline-image{width:150px;vertical-align:baseline;}<\/style>\n<h4 class=\"kt-adv-heading279_35baf7-94 wp-block-kadence-advancedheading\" data-kb-block=\"kb-adv-heading279_35baf7-94\">Dans le cadre d&rsquo;un protocole global, nous apprenons \u00e0 nous connaitre et comprendre le fonctionnement de votre mental.<\/h4>\n\n\n\n<div style=\"height:15px\" aria-hidden=\"true\" class=\"wp-block-spacer\"><\/div>\n\n\n<style>.wp-block-kadence-advancedheading.kt-adv-heading279_79c21a-0d, .wp-block-kadence-advancedheading.kt-adv-heading279_79c21a-0d[data-kb-block=\"kb-adv-heading279_79c21a-0d\"]{text-align:center;font-style:normal;}.wp-block-kadence-advancedheading.kt-adv-heading279_79c21a-0d mark.kt-highlight, .wp-block-kadence-advancedheading.kt-adv-heading279_79c21a-0d[data-kb-block=\"kb-adv-heading279_79c21a-0d\"] mark.kt-highlight{font-style:normal;color:#f76a0c;-webkit-box-decoration-break:clone;box-decoration-break:clone;padding-top:0px;padding-right:0px;padding-bottom:0px;padding-left:0px;}.wp-block-kadence-advancedheading.kt-adv-heading279_79c21a-0d img.kb-inline-image, .wp-block-kadence-advancedheading.kt-adv-heading279_79c21a-0d[data-kb-block=\"kb-adv-heading279_79c21a-0d\"] img.kb-inline-image{width:150px;vertical-align:baseline;}<\/style>\n<h4 class=\"kt-adv-heading279_79c21a-0d wp-block-kadence-advancedheading\" data-kb-block=\"kb-adv-heading279_79c21a-0d\">Nous identifions et d\u00e9terminons les outils pratiques adapt\u00e9s \u00e0 votre situation r\u00e9pondant aux besoins identifi\u00e9s et vous apprenez \u00e0 les maitriser<\/h4>\n\n\n\n<div style=\"height:15px\" aria-hidden=\"true\" class=\"wp-block-spacer\"><\/div>\n\n\n<style>.wp-block-kadence-advancedheading.kt-adv-heading279_0c8b55-29, .wp-block-kadence-advancedheading.kt-adv-heading279_0c8b55-29[data-kb-block=\"kb-adv-heading279_0c8b55-29\"]{margin-bottom:var(--global-kb-spacing-md, 2rem);text-align:center;font-style:normal;}.wp-block-kadence-advancedheading.kt-adv-heading279_0c8b55-29 mark.kt-highlight, .wp-block-kadence-advancedheading.kt-adv-heading279_0c8b55-29[data-kb-block=\"kb-adv-heading279_0c8b55-29\"] mark.kt-highlight{font-style:normal;color:#f76a0c;-webkit-box-decoration-break:clone;box-decoration-break:clone;padding-top:0px;padding-right:0px;padding-bottom:0px;padding-left:0px;}.wp-block-kadence-advancedheading.kt-adv-heading279_0c8b55-29 img.kb-inline-image, .wp-block-kadence-advancedheading.kt-adv-heading279_0c8b55-29[data-kb-block=\"kb-adv-heading279_0c8b55-29\"] img.kb-inline-image{width:150px;vertical-align:baseline;}<\/style>\n<h4 class=\"kt-adv-heading279_0c8b55-29 wp-block-kadence-advancedheading\" data-kb-block=\"kb-adv-heading279_0c8b55-29\">La pr\u00e9paration mentale, au m\u00eame titre que votre pr\u00e9paration physique, tactique et technique doit \u00eatre consid\u00e9r\u00e9 comme une composante \u00e0 part enti\u00e8re de votre entrainement pour progresser vers la performance et l&rsquo;optimisation de votre potentiel.<\/h4>\n<\/div><\/div>\n\n<\/div><\/div>\n\n<style>.kadence-column279_9ddf2d-24 > .kt-inside-inner-col,.kadence-column279_9ddf2d-24 > .kt-inside-inner-col:before{border-top-left-radius:0px;border-top-right-radius:0px;border-bottom-right-radius:0px;border-bottom-left-radius:0px;}.kadence-column279_9ddf2d-24 > .kt-inside-inner-col{column-gap:var(--global-kb-gap-sm, 1rem);}.kadence-column279_9ddf2d-24 > .kt-inside-inner-col{flex-direction:column;}.kadence-column279_9ddf2d-24 > .kt-inside-inner-col > .aligncenter{width:100%;}.kadence-column279_9ddf2d-24 > .kt-inside-inner-col:before{opacity:0.3;}.kadence-column279_9ddf2d-24{position:relative;}@media all and (max-width: 1024px){.kadence-column279_9ddf2d-24 > .kt-inside-inner-col{flex-direction:column;justify-content:center;}}@media all and (max-width: 767px){.kadence-column279_9ddf2d-24 > .kt-inside-inner-col{flex-direction:column;justify-content:center;}}<\/style>\n<div class=\"wp-block-kadence-column kadence-column279_9ddf2d-24\"><div class=\"kt-inside-inner-col\">\n<p><\/p>\n<\/div><\/div>\n","protected":false},"excerpt":{"rendered":"<p>DANS LE SPORT La t\u00e9nacit\u00e9, le d\u00e9passement de soi, la pers\u00e9v\u00e9rance, l&rsquo;esprit d&rsquo;\u00e9quipe. Autant de qualificatifs utilis\u00e9s lorsqu&rsquo;on parle du sport. Cependant, vous pourriez vouloir \u00e9voluer&nbsp; : Parfois des difficult\u00e9s se manifestent dans certaines situations, le plaisir n&rsquo;est plus au rendez-vous. Vous ressentez le besoins de d\u00e9velopper la maitrise de vos habilet\u00e9s mentales pour franchir&#8230;<\/p>\n","protected":false},"author":1,"featured_media":0,"parent":0,"menu_order":0,"comment_status":"closed","ping_status":"closed","template":"","meta":{"_kad_post_transparent":"","_kad_post_title":"hide","_kad_post_layout":"","_kad_post_sidebar_id":"","_kad_post_content_style":"unboxed","_kad_post_vertical_padding":"hide","_kad_post_feature":"","_kad_post_feature_position":"","_kad_post_header":false,"_kad_post_footer":false,"footnotes":""},"class_list":["post-279","page","type-page","status-publish","hentry"],"_links":{"self":[{"href":"https:\/\/benjaminfrachon.com\/index.php\/wp-json\/wp\/v2\/pages\/279","targetHints":{"allow":["GET"]}}],"collection":[{"href":"https:\/\/benjaminfrachon.com\/index.php\/wp-json\/wp\/v2\/pages"}],"about":[{"href":"https:\/\/benjaminfrachon.com\/index.php\/wp-json\/wp\/v2\/types\/page"}],"author":[{"embeddable":true,"href":"https:\/\/benjaminfrachon.com\/index.php\/wp-json\/wp\/v2\/users\/1"}],"replies":[{"embeddable":true,"href":"https:\/\/benjaminfrachon.com\/index.php\/wp-json\/wp\/v2\/comments?post=279"}],"version-history":[{"count":10,"href":"https:\/\/benjaminfrachon.com\/index.php\/wp-json\/wp\/v2\/pages\/279\/revisions"}],"predecessor-version":[{"id":485,"href":"https:\/\/benjaminfrachon.com\/index.php\/wp-json\/wp\/v2\/pages\/279\/revisions\/485"}],"wp:attachment":[{"href":"https:\/\/benjaminfrachon.com\/index.php\/wp-json\/wp\/v2\/media?parent=279"}],"curies":[{"name":"wp","href":"https:\/\/api.w.org\/{rel}","templated":true}]}}